{"id":354,"date":"2016-02-27T17:50:02","date_gmt":"2016-02-27T16:50:02","guid":{"rendered":"http:\/\/www.lenciracing.it\/news\/?page_id=354"},"modified":"2016-02-27T17:51:49","modified_gmt":"2016-02-27T16:51:49","slug":"cookie-policy","status":"publish","type":"page","link":"http:\/\/www.lenciracing.it\/news\/cookie-policy\/","title":{"rendered":"Cookie Policy"},"content":{"rendered":"<h2 class=\"post-title entry-title\">Cookie Policy<\/h2>\n<p>Con riferimento al provvedimento \u201cIndividuazione delle modalit\u00e0 semplificate per l\u2019informativa e l\u2019acquisizione del consenso per l\u2019uso dei cookie \u2013 8 maggio 2014\u201d (pubblicato sulla Gazzetta Ufficiale n. 126 del 3 giugno 2014), si descrivono in maniera specifica e analitica le caratteristiche e le finalit\u00e0 dei cookie installati su questo sito indicando anche le modalit\u00e0 per selezionare\/deselezionare i singoli cookie.<\/p>\n<p>Il sito WEB lenciracing.it di propriet\u00e0 dell&#8217;azienda &#8220;Lenci Racing sas&#8221; &#8211; in seguito denominato solamente &#8220;Sito&#8221; &#8211; utilizza i cookies per offrire i propri servizi semplici e efficienti agli Utenti durante la consultazione delle sue pagine.<\/p>\n<p>Le tabelle riportate di seguito riepilogano i diversi tipi di cookie che potrebbero essere utilizzati sul Sito, insieme alla loro rispettiva funzione e durata (ovvero per quanto tempo ciascun cookie rimarr\u00e0 sul vostro dispositivo).<\/p>\n<p>L&#8217;informativa \u00e8 valida solo per il suddetto Sito ed ai correlati suoi domini di secondo e terzo livello e non per eventuali altri siti consultabili tramite link.<\/p>\n<p>Facendo uso di questo Sito si acconsente il nostro utilizzo di cookie in conformit\u00e0 con la presente Cookie Policy.<\/p>\n<p>Se non si acconsente al nostro utilizzo di cookie, occorre impostare il proprio browser in modo appropriato oppure non usare il presente sito o gli eventuali domini di secondo e terzo livello corrispondenti. Se si decide di disabilitare i cookie che impieghiamo potrebbe essere influenzata l\u2019esperienza dell\u2019utente mentre naviga sul nostro Sito.<\/p>\n<p>Ulteriori informazioni sulla Privacy Policy sono consultabili in questa pagina.<\/p>\n<p>&nbsp;<\/p>\n<hr \/>\n<h2>Informazioni generali sui cookies<\/h2>\n<p><strong>Cosa sono i cookies?<\/strong><\/p>\n<p>I cookie sono file informatici o dati parziali che possono venire salvati sul vostro computer (o altri dispositivi abilitati alla navigazione su internet, per esempio smartphone o tablet) quando visitate un Sito. Di solito un cookie contiene il nome del sito internet dal quale il cookie stesso proviene, la &#8220;durata vitale&#8221; del cookie (ovvero per quanto tempo rimarr\u00e0 sul vostro dispositivo), ed un valore, che di regola \u00e8 un numero unico generato in modo casuale.<br \/>\nPer cosa si usano i cookies?<\/p>\n<p>Si utilizzano i cookie per rendere la navigazione pi\u00f9 semplice e per meglio adattarli ai vostri interessi e bisogni. I cookie possono anche venire usati per aiutare a velocizzare le vostre future esperienze ed attivit\u00e0 sui siti web. Inoltre si usano i cookie per compilare statistiche anonime aggregate che consentono di capire come le persone usano i siti in modo da aiutare a migliorare la struttura ed i contenuti di questi siti.<\/p>\n<table border=\"1\" cellspacing=\"0\" cellpadding=\"4\">\n<tbody>\n<tr>\n<td id=\"id\" dir=\"dir\" lang=\"lang\" scope=\"scope\" align=\"align\" valign=\"top\"><strong>Tipologia di Cookie<\/strong><\/td>\n<td id=\"id\" dir=\"dir\" lang=\"lang\" scope=\"scope\" align=\"align\" valign=\"top\">\n<p align=\"left\"><strong>Che cosa fanno?<\/strong><\/p>\n<\/td>\n<td id=\"id\" dir=\"dir\" lang=\"lang\" scope=\"scope\" align=\"align\" valign=\"top\">\n<p align=\"left\"><strong>Questi cookie raccolgono i miei dati personali \/ mi identificano?<\/strong><\/p>\n<\/td>\n<\/tr>\n<tr>\n<td valign=\"top\" width=\"166\">Necessario<\/td>\n<td id=\"id\" dir=\"dir\" lang=\"lang\" scope=\"scope\" align=\"align\" valign=\"top\">Questi cookie sono essenziali per il corretto funzionamento dei siti, consentono alle persone di navigare sui siti internet e di sfruttarne le caratteristiche come la memorizzazione di azioni precedenti (testi inseriti) quando si ritorna ad una pagina nel corso della medesima sessione.<\/td>\n<td valign=\"top\" width=\"165\">Questi cookie non ti identificano come individuo.<br \/>\nSe non si accettano questi cookie, la resa del sito internet, o sezioni dello stesso, potrebbe risultare impattate<\/td>\n<\/tr>\n<tr>\n<td valign=\"top\" width=\"166\">Performance<\/td>\n<td valign=\"top\" width=\"170\">Questi cookie aiutano a capire come gli utenti interagiscono con i siti internet fornendo informazioni relative alle sezioni visitate, il tempo trascorso sul sito, e qualsiasi questione che sia emersa, per esempio un messaggio di errore. Questo aiuta a migliorare la resa dei siti internet.<\/td>\n<td valign=\"top\" width=\"165\">Questi cookie non ti identificano come individuo. Tutti i dati vengono raccolti e aggregati in forma anonima.<\/td>\n<\/tr>\n<tr>\n<td valign=\"top\" width=\"166\">Funzionalit\u00e0<\/td>\n<td valign=\"top\" width=\"170\">Questi cookie permettono ai siti internet di ricordare le scelte che si fanno\u00a0(per esempio, il vostro nome utente, la lingua prescelta o la regione in cui vi trovate, gli eventuali prodotti inseriti nel carrello della spesa) per fornirvi un\u2019esperienza online pi\u00f9 personalizzata. Possono anche consentire agli utenti di visualizzare i video, entrare nei giochi e interagire con gli strumenti sociali tipo blog, chatroom e forum.<\/td>\n<td valign=\"top\" width=\"165\">Le informazioni che vengono raccolte da questi cookie possono includere informazioni personali identificabili che avete fornito, per esempio il vostro nome utente o immagine del profilo.<br \/>\nSe non si accettano questi cookie, la resa e funzionalit\u00e0 del sito internet potrebbe risultare impattate e l\u2019accesso ai contenuti del sito potrebbe venire limitata.<\/td>\n<\/tr>\n<tr>\n<td valign=\"top\" width=\"166\">Targeting \/ pubblicit\u00e0<\/td>\n<td valign=\"top\" width=\"170\">Questi cookie vengono usati per presentare contenuti pi\u00f9 adatti a voi e ai vostri interessi. Possono venire usati per visualizzare pubblicit\u00e0 mirate o per limitare il numero di volte che visualizzate una pubblicit\u00e0. Inoltre aiutano a misurare l\u2019efficacia delle campagne pubblicitarie sui siti internet.<br \/>\nSi possono\u00a0usare questi cookie per ricordare i siti internet che avete visitato e potrebbero condividere queste informazioni con terze parti.<\/td>\n<td valign=\"top\" width=\"165\">La maggioranza di cookie di questo tipo tracciano i consumatori attraverso il loro indirizzo IP\u00a0e quindi potrebbero raccoglier alcune informazioni personali identificabili.<\/td>\n<\/tr>\n<\/tbody>\n<\/table>\n<p>&nbsp;<\/p>\n<hr \/>\n<h2><strong>Che tipi di cookies si usano?<\/strong><\/h2>\n<p>Due tipi di cookie possono venire usati sui siti: \u2019<strong>session cookies<\/strong>\u2019 e \u2019<strong>persistent cookies<\/strong>\u2019.<\/p>\n<ul>\n<li><em><strong>session cookies<\/strong>:<\/em>\u00a0sono cookie temporanei che rimangono sul vostro dispositivo fino al momento in cui lasciate il sito.<\/li>\n<li><em><strong>persistent cookies<\/strong>:<\/em>\u00a0sono cookie che rimangono sul vostro dispositivo per molto pi\u00f9 tempo o fino a quando lo cancellate manualmente (quanto tempo il cookie rimane sul vostro dispositivo dipender\u00e0 dalla \u2018<em>durata vitale<\/em>\u2019 del cookie in oggetto e dalle impostazioni del vostro browser).<\/li>\n<\/ul>\n<p>Un&#8217;altra suddivisione di tipologia di Cookie\u00a0&#8211; indicata dal Garante per la protezione dei dati personali &#8211; \u00e8 tra <em><strong>Cookies Tecnici,<\/strong><\/em>\u00a0<em><strong>Cookies di Profilazione, Cookies\u00a0di prima parte,\u00a0<\/strong><\/em><em><strong>Cookies\u00a0di terza parte<\/strong><\/em>.<\/p>\n<ul>\n<li><em><strong>Cookies Tecnici<\/strong><\/em>: sono i cookie che servono a effettuare la navigazione o a fornire un servizio richiesto dall&#8217;utente. Non vengono utilizzati per scopi ulteriori e sono normalmente installati direttamente dal titolare del sito web.\u00a0Senza il ricorso a tali cookie, alcune operazioni non potrebbero essere compiute o sarebbero pi\u00f9 complesse e\/o meno sicure, come ad esempio le attivit\u00e0 di home banking (visualizzazione dell&#8217;estratto conto, bonifici, pagamento di bollette, ecc.), per le quali i cookie, che consentono di effettuare e mantenere l&#8217;identificazione dell&#8217;utente nell&#8217;ambito della sessione, risultano indispensabili.<\/li>\n<li><em><strong>Cookies di Profilazione<\/strong><\/em>:\u00a0sono i cookie utilizzati per tracciare la navigazione dell&#8217;utente in rete e creare profili sui suoi gusti, abitudini, scelte, ecc. Con questi cookie possono essere trasmessi al terminale dell&#8217;utente messaggi pubblicitari in linea con le preferenze gi\u00e0 manifestate dallo stesso utente nella navigazione online.<\/li>\n<li><em><strong>Cookies\u00a0di prima parte<\/strong><\/em> (<em>first-part cookie<\/em>) ossia cookie generati e gestiti direttamente dal soggetto gestore del sito web sul quale l\u2019utente sta navigando.<\/li>\n<li><em><strong>Cookies\u00a0di terza parte<\/strong><\/em> (<em>third-part cookie<\/em>), i quali sono generati e gestiti da soggetti diversi dal gestore del sito web sul quale l\u2019utente sta navigando (in forza, di regola, di un contratto tra il titolare del sito web e la terza parte)<\/li>\n<\/ul>\n<h4><strong>Come posso controllare o cancellare i cookies?<\/strong><\/h4>\n<p>La maggioranza dei browser internet sono inizialmente impostati per accettare i cookie in modo automatico. Potete modificare queste impostazioni per bloccare i cookie o per avvertirvi che dei cookie vengono mandati al vostro dispositivo. Esistono svariati modi per gestire i cookie, si pu\u00f2 fare riferimento al manuale d\u2019istruzioni o alla schermata di aiuto del vostro browser per scoprire come regolare o modificare le impostazioni del vostro browser. Disabilitando\u00a0i cookie potrebbero venire influenzata la vostra navigazione, per esempio potreste non essere in grado di visitare certe sezioni o non ricevere informazioni personalizzate\u00a0quando visitate un sito.<\/p>\n<p>Se usate dispositivi diversi tra loro per visualizzare e accedere ai siti Internet (per esempio, computer, smartphone, tablet, ecc.), dovrete assicurarvi che ciascun browser su ciascun dispositivo sia regolato per riflettere le vostre preferenze relative ai cookie.<\/p>\n<p>&nbsp;<\/p>\n<hr \/>\n<h2>Cookies tecnici e di statistica usati dal sito Lenci Racing<\/h2>\n<p><strong>Cookie tecnici<\/strong> hanno la funzione di permettere lo svolgimento di attivit\u00e0 strettamente legate al funzionamento di questo spazio online. I Cookie tecnici utilizzati da questo Sito possono essere suddivisi nelle seguenti sottocategorie:<\/p>\n<ul>\n<li><strong>Cookie di navigazione<\/strong>, per mezzo dei quali si possono salvare le preferenze di navigazione ed ottimizzare l\u2019esperienza di navigazione dell\u2019Utente;<\/li>\n<li><strong>Cookie analytics<\/strong>, per mezzo dei quali si acquisiscono informazioni statistiche in merito alle modalit\u00e0 di navigazione degli Utenti. Tali informazioni sono trattate in forma aggregata ed anonima;<\/li>\n<li><strong>Cookie di funzionalit\u00e0<\/strong>, anche di terze parti, utilizzati per attivare specifiche funzionalit\u00e0 di questo spazio online e necessari ad erogare il servizio o migliorarlo.<\/li>\n<\/ul>\n<p>&nbsp;<\/p>\n<hr \/>\n<h2><strong>Gestione generale cookies<\/strong><\/h2>\n<h4><strong>Come disabilitare i cookie mediante configurazione del browser<\/strong><\/h4>\n<ul>\n<li>Disabilitazione dei cookie su\u00a0<a href=\"https:\/\/support.mozilla.org\/it\/kb\/Attivare%20e%20disattivare%20i%20cookie\" target=\"_blank\"><strong>Firefox<\/strong>\u00a0<\/a><\/li>\n<li>Disabilitazione dei cookie su\u00a0<a href=\"http:\/\/www.google.com\/policies\/technologies\/managing\/\" target=\"_blank\"><strong>Chrome<\/strong><\/a><\/li>\n<li>Disabilitazione dei cookie su\u00a0<a href=\"http:\/\/windows.microsoft.com\/it-it\/internet-explorer\/delete-manage-cookies#ie=ie-11\" target=\"_blank\"><strong>Internet Explorer<\/strong><\/a><\/li>\n<li>Disabilitazione dei cookie su\u00a0<a href=\"http:\/\/support.apple.com\/kb\/HT1677?viewlocale=it_IT&amp;locale=it_IT\" target=\"_blank\"><strong>Safari\u00a0<\/strong><\/a><\/li>\n<li>Disabilitazione dei cookie su\u00a0<a href=\"http:\/\/help.opera.com\/Mac\/12.10\/it\/cookies.html\" target=\"_blank\"><strong>Opera<\/strong><\/a><\/li>\n<\/ul>\n","protected":false},"excerpt":{"rendered":"<p>Cookie Policy Con riferimento al provvedimento \u201cIndividuazione delle modalit\u00e0 semplificate per l\u2019informativa e l\u2019acquisizione del consenso per l\u2019uso dei cookie \u2013 8 maggio 2014\u201d (pubblicato sulla Gazzetta Ufficiale n. 126 del 3 giugno 2014), si descrivono in maniera specifica e analitica le caratteristiche e le finalit\u00e0 dei cookie installati su questo sito indicando anche le [&hellip;]<\/p>\n","protected":false},"author":1,"featured_media":0,"parent":0,"menu_order":0,"comment_status":"closed","ping_status":"closed","template":"templates\/template-full-notitle.php","meta":[],"yoast_head":"<!-- This site is optimized with the Yoast SEO plugin v15.5 - https:\/\/yoast.com\/wordpress\/plugins\/seo\/ -->\n<title>Cookie Policy - Lenci Racing<\/title>\n<meta name=\"robots\" content=\"index, follow, max-snippet:-1, max-image-preview:large, max-video-preview:-1\" \/>\n<link rel=\"canonical\" href=\"http:\/\/www.lenciracing.it\/news\/cookie-policy\/\" \/>\n<meta property=\"og:locale\" content=\"it_IT\" \/>\n<meta property=\"og:type\" content=\"article\" \/>\n<meta property=\"og:title\" content=\"Cookie Policy - Lenci Racing\" \/>\n<meta property=\"og:description\" content=\"Cookie Policy Con riferimento al provvedimento \u201cIndividuazione delle modalit\u00e0 semplificate per l\u2019informativa e l\u2019acquisizione del consenso per l\u2019uso dei cookie \u2013 8 maggio 2014\u201d (pubblicato sulla Gazzetta Ufficiale n. 126 del 3 giugno 2014), si descrivono in maniera specifica e analitica le caratteristiche e le finalit\u00e0 dei cookie installati su questo sito indicando anche le [&hellip;]\" \/>\n<meta property=\"og:url\" content=\"http:\/\/www.lenciracing.it\/news\/cookie-policy\/\" \/>\n<meta property=\"og:site_name\" content=\"Lenci Racing\" \/>\n<meta property=\"article:publisher\" content=\"https:\/\/www.facebook.com\/Lenci-Racing-di-Gianfranco-Lenci-1653975111553490\/\" \/>\n<meta property=\"article:modified_time\" content=\"2016-02-27T16:51:49+00:00\" \/>\n<meta name=\"twitter:card\" content=\"summary\" \/>\n<meta name=\"twitter:label1\" content=\"Tempo di lettura stimato\">\n\t<meta name=\"twitter:data1\" content=\"5 minuti\">\n<script type=\"application\/ld+json\" class=\"yoast-schema-graph\">{\"@context\":\"https:\/\/schema.org\",\"@graph\":[{\"@type\":\"WebSite\",\"@id\":\"http:\/\/www.lenciracing.it\/news\/#website\",\"url\":\"http:\/\/www.lenciracing.it\/news\/\",\"name\":\"Lenci Racing\",\"description\":\"Servizio di assistenza per i marchi DUCATI e MV Agusta\",\"potentialAction\":[{\"@type\":\"SearchAction\",\"target\":\"http:\/\/www.lenciracing.it\/news\/?s={search_term_string}\",\"query-input\":\"required name=search_term_string\"}],\"inLanguage\":\"it-IT\"},{\"@type\":\"WebPage\",\"@id\":\"http:\/\/www.lenciracing.it\/news\/cookie-policy\/#webpage\",\"url\":\"http:\/\/www.lenciracing.it\/news\/cookie-policy\/\",\"name\":\"Cookie Policy - Lenci Racing\",\"isPartOf\":{\"@id\":\"http:\/\/www.lenciracing.it\/news\/#website\"},\"datePublished\":\"2016-02-27T16:50:02+00:00\",\"dateModified\":\"2016-02-27T16:51:49+00:00\",\"inLanguage\":\"it-IT\",\"potentialAction\":[{\"@type\":\"ReadAction\",\"target\":[\"http:\/\/www.lenciracing.it\/news\/cookie-policy\/\"]}]}]}<\/script>\n<!-- \/ Yoast SEO plugin. -->","_links":{"self":[{"href":"http:\/\/www.lenciracing.it\/news\/wp-json\/wp\/v2\/pages\/354"}],"collection":[{"href":"http:\/\/www.lenciracing.it\/news\/wp-json\/wp\/v2\/pages"}],"about":[{"href":"http:\/\/www.lenciracing.it\/news\/wp-json\/wp\/v2\/types\/page"}],"author":[{"embeddable":true,"href":"http:\/\/www.lenciracing.it\/news\/wp-json\/wp\/v2\/users\/1"}],"replies":[{"embeddable":true,"href":"http:\/\/www.lenciracing.it\/news\/wp-json\/wp\/v2\/comments?post=354"}],"version-history":[{"count":4,"href":"http:\/\/www.lenciracing.it\/news\/wp-json\/wp\/v2\/pages\/354\/revisions"}],"predecessor-version":[{"id":358,"href":"http:\/\/www.lenciracing.it\/news\/wp-json\/wp\/v2\/pages\/354\/revisions\/358"}],"wp:attachment":[{"href":"http:\/\/www.lenciracing.it\/news\/wp-json\/wp\/v2\/media?parent=354"}],"curies":[{"name":"wp","href":"https:\/\/api.w.org\/{rel}","templated":true}]}}